{"id":2452,"date":"2021-01-04T18:50:08","date_gmt":"2021-01-04T18:50:08","guid":{"rendered":"https:\/\/innovatingjusticeforum.hiil.org\/programme\/"},"modified":"2021-01-04T19:08:21","modified_gmt":"2021-01-04T19:08:21","slug":"programme","status":"publish","type":"page","link":"https:\/\/innovatingjusticeforum.hiil.org\/fr\/programme\/","title":{"rendered":"Programme"},"content":{"rendered":"\t\t<div data-elementor-type=\"wp-page\" data-elementor-id=\"2452\" class=\"elementor elementor-2452 elementor-2195\" data-elementor-post-type=\"page\">\n\t\t\t\t\t\t<section class=\"elementor-section elementor-top-section elementor-element elementor-element-ac1ff60 elementor-section-stretched elementor-section-boxed elementor-section-height-default elementor-section-height-default\" data-id=\"ac1ff60\" data-element_type=\"section\" data-e-type=\"section\" data-settings=\"{&quot;stretch_section&quot;:&quot;section-stretched&quot;,&quot;background_background&quot;:&quot;classic&quot;}\">\n\t\t\t\t\t\t<div class=\"elementor-container elementor-column-gap-default\">\n\t\t\t\t\t<div class=\"elementor-column elementor-col-100 elementor-top-column elementor-element elementor-element-5fdc4682\" data-id=\"5fdc4682\" data-element_type=\"column\" data-e-type=\"column\">\n\t\t\t<div class=\"elementor-widget-wrap elementor-element-populated\">\n\t\t\t\t\t\t<div class=\"elementor-element elementor-element-202466b8 elementor-widget elementor-widget-heading\" data-id=\"202466b8\" data-element_type=\"widget\" data-e-type=\"widget\" data-widget_type=\"heading.default\">\n\t\t\t\t<div class=\"elementor-widget-container\">\n\t\t\t\t\t<h1 class=\"elementor-heading-title elementor-size-default\">The Innovating Justice Forum Programme<\/h1>\t\t\t\t<\/div>\n\t\t\t\t<\/div>\n\t\t\t\t<div class=\"elementor-element elementor-element-504b583d elementor-widget elementor-widget-text-editor\" data-id=\"504b583d\" data-element_type=\"widget\" data-e-type=\"widget\" data-widget_type=\"text-editor.default\">\n\t\t\t\t<div class=\"elementor-widget-container\">\n\t\t\t\t\t\t\t\t\t<p>8-10 February 2021, online event<\/p>\n\t\t\t\t\t\t\t\t<\/div>\n\t\t\t\t<\/div>\n\t\t\t\t\t<\/div>\n\t\t<\/div>\n\t\t\t\t\t<\/div>\n\t\t<\/section>\n\t\t\t\t<section class=\"elementor-section elementor-top-section elementor-element elementor-element-5d5ed51b elementor-section-boxed elementor-section-height-default elementor-section-height-default\" data-id=\"5d5ed51b\" data-element_type=\"section\" data-e-type=\"section\">\n\t\t\t\t\t\t<div class=\"elementor-container elementor-column-gap-default\">\n\t\t\t\t\t<div class=\"elementor-column elementor-col-100 elementor-top-column elementor-element elementor-element-2860d02\" data-id=\"2860d02\" data-element_type=\"column\" data-e-type=\"column\">\n\t\t\t<div class=\"elementor-widget-wrap elementor-element-populated\">\n\t\t\t\t\t\t<div class=\"elementor-element elementor-element-122564ef elementor-align-center elementor-widget elementor-widget-button\" data-id=\"122564ef\" data-element_type=\"widget\" data-e-type=\"widget\" data-widget_type=\"button.default\">\n\t\t\t\t<div class=\"elementor-widget-container\">\n\t\t\t\t\t\t\t\t\t<div class=\"elementor-button-wrapper\">\n\t\t\t\t\t<a class=\"elementor-button elementor-button-link elementor-size-sm\" href=\"https:\/\/hopin.com\/events\/innovating-justice-forum-2021?code=LPxDdLPTgHY6d9nsBawJdDCKf\" target=\"_blank\">\n\t\t\t\t\t\t<span class=\"elementor-button-content-wrapper\">\n\t\t\t\t\t\t\t\t\t<span class=\"elementor-button-text\">Register for the forum<\/span>\n\t\t\t\t\t<\/span>\n\t\t\t\t\t<\/a>\n\t\t\t\t<\/div>\n\t\t\t\t\t\t\t\t<\/div>\n\t\t\t\t<\/div>\n\t\t\t\t<div class=\"elementor-element elementor-element-44c5e478 elementor-tabs-view-horizontal elementor-widget elementor-widget-tabs\" data-id=\"44c5e478\" data-element_type=\"widget\" data-e-type=\"widget\" data-widget_type=\"tabs.default\">\n\t\t\t\t<div class=\"elementor-widget-container\">\n\t\t\t\t\t\t\t<div class=\"elementor-tabs\">\n\t\t\t<div class=\"elementor-tabs-wrapper\" role=\"tablist\" >\n\t\t\t\t\t\t\t\t\t<div id=\"elementor-tab-title-1151\" class=\"elementor-tab-title elementor-tab-desktop-title\" aria-selected=\"true\" data-tab=\"1\" role=\"tab\" tabindex=\"0\" aria-controls=\"elementor-tab-content-1151\" aria-expanded=\"false\">Day 1<\/div>\n\t\t\t\t\t\t\t\t\t<div id=\"elementor-tab-title-1152\" class=\"elementor-tab-title elementor-tab-desktop-title\" aria-selected=\"false\" data-tab=\"2\" role=\"tab\" tabindex=\"-1\" aria-controls=\"elementor-tab-content-1152\" aria-expanded=\"false\">Day 2<\/div>\n\t\t\t\t\t\t\t\t\t<div id=\"elementor-tab-title-1153\" class=\"elementor-tab-title elementor-tab-desktop-title\" aria-selected=\"false\" data-tab=\"3\" role=\"tab\" tabindex=\"-1\" aria-controls=\"elementor-tab-content-1153\" aria-expanded=\"false\">Day 3<\/div>\n\t\t\t\t\t\t\t<\/div>\n\t\t\t<div class=\"elementor-tabs-content-wrapper\" role=\"tablist\" aria-orientation=\"vertical\">\n\t\t\t\t\t\t\t\t\t<div class=\"elementor-tab-title elementor-tab-mobile-title\" aria-selected=\"true\" data-tab=\"1\" role=\"tab\" tabindex=\"0\" aria-controls=\"elementor-tab-content-1151\" aria-expanded=\"false\">Day 1<\/div>\n\t\t\t\t\t<div id=\"elementor-tab-content-1151\" class=\"elementor-tab-content elementor-clearfix\" data-tab=\"1\" role=\"tabpanel\" aria-labelledby=\"elementor-tab-title-1151\" tabindex=\"0\" hidden=\"false\"><p style=\"text-align: center;\">8 f\u00e9vrier 2021<\/p>\n\n<h3 style=\"text-align: center;\"><strong>Rendre la justice ax\u00e9e sur les personnes r\u00e9alit\u00e9<\/strong><\/h3>\n<table border=\"0\" width=\"100%\" cellspacing=\"0\" cellpadding=\"6\" class=\"timetable\">\n<tbody>\n<tr>\n<td class=\"time\">10:00 &#8211; 12:30<\/td>\n<td><strong>Pr\u00e9sentation de notre nouvelle cohorte <\/strong>| Pitchs d&rsquo;innovateurs<\/td>\n<\/tr>\n<tr>\n<td class=\"time\">12:30 &#8211; 13:00<\/td>\n<td><strong>Pause: faire connaissance<\/strong><\/td>\n<\/tr>\n<tr>\n<td class=\"time\">13:00 &#8211; 13:15<\/td>\n<td><strong>ODD16 et justice ax\u00e9e sur les personnes en temps de crise<\/strong> | Pr\u00e9sentation<\/td>\n<\/tr>\n<tr>\n<td class=\"time\">13:15 &#8211; 13:30<\/td>\n<td><strong>Le mouvement mondial croissant pour une justice ax\u00e9e sur les personnes <\/strong>| Pr\u00e9sentation<\/td>\n<\/tr>\n<tr>\n<td class=\"time\">13:30 &#8211; 14:00<\/td>\n<td><strong>Notre nouveau rapport de tendance : mettre en \u0153uvre une justice ax\u00e9e sur les personnes \u00e0 grande \u00e9chelle<\/strong> | Pr\u00e9sentation interactive<\/td>\n<\/tr>\n<tr>\n<td class=\"time\">14:00 &#8211; 15:00<\/td>\n<td><strong>Qu&rsquo;est-ce qui fait d&rsquo;une innovation en mati\u00e8re de justice un vrai changeur de jeu ?\u00a0?<\/strong> | Talk show<\/td>\n<\/tr>\n<tr>\n<td class=\"time\">15:00 &#8211; 15:15<\/td>\n<td><strong>Pause<\/strong><\/td>\n<\/tr>\n<tr>\n<td class=\"time\">15:15 &#8211; 15:45<\/td>\n<td><strong>Quel r\u00f4le les changeurs de jeux peuvent-ils jouer dans les r\u00e9formes des syst\u00e8mes judiciaires ?<\/strong> | Entrevue<\/td>\n<\/tr>\n<tr>\n<td class=\"time\">15:45 &#8211; 16:00<\/td>\n<td><strong>Et le gagnant est&#8230;<\/strong> | Annonce des gagnants du cycle de pr\u00e9sentations<\/td>\n<\/tr>\n<tr>\n<td class=\"time\">16:00 &#8211; 16:15<\/td>\n<td><strong>Fin de la premi\u00e8re journ\u00e9e : retour sur la journ\u00e9e et aper\u00e7u du lendemain <\/strong><\/td>\n<\/tr>\n<\/tbody>\n<\/table><\/div>\n\t\t\t\t\t\t\t\t\t<div class=\"elementor-tab-title elementor-tab-mobile-title\" aria-selected=\"false\" data-tab=\"2\" role=\"tab\" tabindex=\"-1\" aria-controls=\"elementor-tab-content-1152\" aria-expanded=\"false\">Day 2<\/div>\n\t\t\t\t\t<div id=\"elementor-tab-content-1152\" class=\"elementor-tab-content elementor-clearfix\" data-tab=\"2\" role=\"tabpanel\" aria-labelledby=\"elementor-tab-title-1152\" tabindex=\"0\" hidden=\"hidden\"><p style=\"text-align: center;\">9 f\u00e9vrier 2021<\/p><h3 style=\"text-align: center;\"><strong>Int\u00e9grer la justice ax\u00e9e sur les personnes dans les agendas nationaux<\/strong><\/h3><table class=\"timetable\" border=\"0\" width=\"100%\" cellspacing=\"0\" cellpadding=\"6\"><tbody><tr><td class=\"time\">13:00 &#8211; 13:45<\/td><td class=\"description\"><strong>Pourquoi un environnement propice \u00e0 une justice ax\u00e9e sur les personnes est-il si important ?<\/strong> | Table ronde interactive<\/td><\/tr><tr><td class=\"time\">13:45 &#8211; 14:00<\/td><td class=\"description\"><strong>Pause : connectez-vous !<\/strong><\/td><\/tr><tr><td class=\"time\">14:00 &#8211; 15:00<\/td><td class=\"description\"><strong>Un exercice sur une \u00e9tude de cas hypoth\u00e9tique : services de justice communautaire<\/strong> | Activit\u00e9 pratique<\/td><\/tr><tr><td class=\"time\">15:00- 15:15<\/td><td class=\"description\"><strong>Participez \u00e0 un speed dating !<\/strong><\/td><\/tr><tr><td class=\"time\">15:15 &#8211; 16:00<\/td><td class=\"description\"><strong>Le gouvernement comme innovateur : \u00e0 la recherche du bon leadership<\/strong> | Table ronde interactive<\/td><\/tr><tr><td class=\"time\">16:00- 16:15<\/td><td class=\"description\"><strong>Fin de la deuxi\u00e8me journ\u00e9e : retour sur la journ\u00e9e et aper\u00e7u du lendemain<\/strong><\/td><\/tr><\/tbody><\/table><\/div>\n\t\t\t\t\t\t\t\t\t<div class=\"elementor-tab-title elementor-tab-mobile-title\" aria-selected=\"false\" data-tab=\"3\" role=\"tab\" tabindex=\"-1\" aria-controls=\"elementor-tab-content-1153\" aria-expanded=\"false\">Day 3<\/div>\n\t\t\t\t\t<div id=\"elementor-tab-content-1153\" class=\"elementor-tab-content elementor-clearfix\" data-tab=\"3\" role=\"tabpanel\" aria-labelledby=\"elementor-tab-title-1153\" tabindex=\"0\" hidden=\"hidden\"><p style=\"text-align: center;\">10 f\u00e9vrier 2021<\/p><h3 style=\"text-align: center;\"><strong>Le financement d&rsquo;une justice ax\u00e9e sur les personnes<\/strong><\/h3><table class=\"timetable\" border=\"0\" width=\"100%\" cellspacing=\"0\" cellpadding=\"6\"><tbody><tr><td class=\"time\">13:00 &#8211; 13:15<\/td><td class=\"description\"><p><strong>D\u00e9finir le cadre g\u00e9n\u00e9ral : budget de la justice 2.0<\/strong>| Pr\u00e9sentation<\/p><\/td><\/tr><tr><td class=\"time\">13:15 &#8211; 14:00<\/td><td class=\"description\"><p><strong>Que faut-il pour que les gouvernements nationaux soutiennent les initiatives en faveur de la justice ?<\/strong> | Table ronde Interactive<\/p><\/td><\/tr><tr><td class=\"time\">14:00 &#8211; 14:45<\/td><td class=\"description\"><p><strong>Que faut-il pour que les organismes donateurs soutiennent les initiatives de justice qui changent les r\u00e8gles du jeu ?\u00a0<\/strong> | Table ronde Interactive<\/p><\/td><\/tr><tr><td class=\"time\">14:45 &#8211; 15:00<\/td><td class=\"description\"><strong>Pause: quiz !<\/strong><\/td><\/tr><tr><td class=\"time\">15:00 &#8211; 15:45<\/td><td class=\"description\"><p><b><strong>Que faut-il pour que le secteur priv\u00e9 soutienne les initiatives de justice qui changent les r\u00e8gles du jeu ?\u00a0<\/strong> <\/b>| Table ronde interactive<\/p><\/td><\/tr><tr><td class=\"time\">15:45 &#8211; 16:30<\/td><td class=\"description\"><p><strong>Engagement \u00e0 mettre en \u0153uvre une justice ax\u00e9e sur les personnes : des donn\u00e9es au mouvement <\/strong>| Une conversation<\/p><\/td><\/tr><tr><td class=\"time\">16:30 &#8211; 16:45<\/td><td class=\"description\"><p><strong>Forum 2021 : mots de cl\u00f4ture <\/strong>| Talk<\/p><\/td><\/tr><\/tbody><\/table><\/div>\n\t\t\t\t\t\t\t<\/div>\n\t\t<\/div>\n\t\t\t\t\t\t<\/div>\n\t\t\t\t<\/div>\n\t\t\t\t\t<\/div>\n\t\t<\/div>\n\t\t\t\t\t<\/div>\n\t\t<\/section>\n\t\t\t\t<section class=\"elementor-section elementor-top-section elementor-element elementor-element-1fca104 elementor-section-stretched elementor-section-boxed elementor-section-height-default elementor-section-height-default\" data-id=\"1fca104\" data-element_type=\"section\" data-e-type=\"section\" data-settings=\"{&quot;stretch_section&quot;:&quot;section-stretched&quot;,&quot;background_background&quot;:&quot;classic&quot;}\">\n\t\t\t\t\t\t<div class=\"elementor-container elementor-column-gap-default\">\n\t\t\t\t\t<div class=\"elementor-column elementor-col-100 elementor-top-column elementor-element elementor-element-b818985\" data-id=\"b818985\" data-element_type=\"column\" data-e-type=\"column\">\n\t\t\t<div class=\"elementor-widget-wrap elementor-element-populated\">\n\t\t\t\t\t\t<div class=\"elementor-element elementor-element-d7cee76 elementor-widget elementor-widget-text-editor\" data-id=\"d7cee76\" data-element_type=\"widget\" data-e-type=\"widget\" data-widget_type=\"text-editor.default\">\n\t\t\t\t<div class=\"elementor-widget-container\">\n\t\t\t\t\t\t\t\t\t<p>More information on each session such as speakers and session format will be updated regularly.<br \/>Stay tuned!<\/p>\n\t\t\t\t\t\t\t\t<\/div>\n\t\t\t\t<\/div>\n\t\t\t\t<section class=\"elementor-section elementor-inner-section elementor-element elementor-element-d389c7b elementor-section-content-middle elementor-section-boxed elementor-section-height-default elementor-section-height-default\" data-id=\"d389c7b\" data-element_type=\"section\" data-e-type=\"section\">\n\t\t\t\t\t\t<div class=\"elementor-container elementor-column-gap-default\">\n\t\t\t\t\t<div class=\"elementor-column elementor-col-100 elementor-inner-column elementor-element elementor-element-120e822\" data-id=\"120e822\" data-element_type=\"column\" data-e-type=\"column\">\n\t\t\t<div class=\"elementor-widget-wrap elementor-element-populated\">\n\t\t\t\t\t\t<div class=\"elementor-element elementor-element-a02b2ec elementor-align-center elementor-widget elementor-widget-button\" data-id=\"a02b2ec\" data-element_type=\"widget\" data-e-type=\"widget\" data-widget_type=\"button.default\">\n\t\t\t\t<div class=\"elementor-widget-container\">\n\t\t\t\t\t\t\t\t\t<div class=\"elementor-button-wrapper\">\n\t\t\t\t\t<a class=\"elementor-button elementor-button-link elementor-size-sm\" href=\"https:\/\/innovatingjusticeforum.hiil.org\/updates\/\">\n\t\t\t\t\t\t<span class=\"elementor-button-content-wrapper\">\n\t\t\t\t\t\t\t\t\t<span class=\"elementor-button-text\">Check the latest updates <\/span>\n\t\t\t\t\t<\/span>\n\t\t\t\t\t<\/a>\n\t\t\t\t<\/div>\n\t\t\t\t\t\t\t\t<\/div>\n\t\t\t\t<\/div>\n\t\t\t\t\t<\/div>\n\t\t<\/div>\n\t\t\t\t\t<\/div>\n\t\t<\/section>\n\t\t\t\t\t<\/div>\n\t\t<\/div>\n\t\t\t\t\t<\/div>\n\t\t<\/section>\n\t\t\t\t<\/div>\n\t\t","protected":false},"excerpt":{"rendered":"<p>The Innovating Justice Forum Programme 8-10 February 2021, online event Register for the forum Day 1 Day 2 Day 3 Day 1 8 f\u00e9vrier 2021 Rendre la justice ax\u00e9e sur les personnes r\u00e9alit\u00e9 10:00 &#8211; 12:30 Pr\u00e9sentation de notre nouvelle cohorte | Pitchs d&#8217;innovateurs 12:30 &#8211; 13:00 Pause: faire connaissance 13:00 &#8211; 13:15 ODD16 et [&hellip;]<\/p>\n","protected":false},"author":1,"featured_media":0,"parent":0,"menu_order":0,"comment_status":"closed","ping_status":"closed","template":"hiil-sub-subpage.php","meta":{"_acf_changed":false,"footnotes":""},"class_list":["post-2452","page","type-page","status-publish","hentry"],"acf":[],"_links":{"self":[{"href":"https:\/\/innovatingjusticeforum.hiil.org\/fr\/wp-json\/wp\/v2\/pages\/2452","targetHints":{"allow":["GET"]}}],"collection":[{"href":"https:\/\/innovatingjusticeforum.hiil.org\/fr\/wp-json\/wp\/v2\/pages"}],"about":[{"href":"https:\/\/innovatingjusticeforum.hiil.org\/fr\/wp-json\/wp\/v2\/types\/page"}],"author":[{"embeddable":true,"href":"https:\/\/innovatingjusticeforum.hiil.org\/fr\/wp-json\/wp\/v2\/users\/1"}],"replies":[{"embeddable":true,"href":"https:\/\/innovatingjusticeforum.hiil.org\/fr\/wp-json\/wp\/v2\/comments?post=2452"}],"version-history":[{"count":19,"href":"https:\/\/innovatingjusticeforum.hiil.org\/fr\/wp-json\/wp\/v2\/pages\/2452\/revisions"}],"predecessor-version":[{"id":2471,"href":"https:\/\/innovatingjusticeforum.hiil.org\/fr\/wp-json\/wp\/v2\/pages\/2452\/revisions\/2471"}],"wp:attachment":[{"href":"https:\/\/innovatingjusticeforum.hiil.org\/fr\/wp-json\/wp\/v2\/media?parent=2452"}],"curies":[{"name":"wp","href":"https:\/\/api.w.org\/{rel}","templated":true}]}}